{"id":772,"date":"2024-02-09T11:44:17","date_gmt":"2024-02-09T10:44:17","guid":{"rendered":"https:\/\/rscamp.it\/?page_id=772"},"modified":"2024-02-09T11:47:27","modified_gmt":"2024-02-09T10:47:27","slug":"credits","status":"publish","type":"page","link":"https:\/\/rscamp.it\/en\/credits\/","title":{"rendered":"Credits"},"content":{"rendered":"<div data-elementor-type=\"wp-page\" data-elementor-id=\"772\" class=\"elementor elementor-772\">\n\t\t\t\t<div class=\"elementor-element elementor-element-9f660ae e-flex e-con-boxed e-con e-parent\" data-id=\"9f660ae\" data-element_type=\"container\">\n\t\t\t\t\t<div class=\"e-con-inner\">\n\t\t\t\t<div class=\"elementor-element elementor-element-f1e71a3 elementor-widget elementor-widget-heading\" data-id=\"f1e71a3\" data-element_type=\"widget\" data-widget_type=\"heading.default\">\n\t\t\t\t<div class=\"elementor-widget-container\">\n\t\t\t\t\t<h1 class=\"elementor-heading-title elementor-size-default\">Credits<\/h1>\t\t\t\t<\/div>\n\t\t\t\t<\/div>\n\t\t\t\t<div class=\"elementor-element elementor-element-09cf216 elementor-widget-divider--view-line elementor-widget elementor-widget-divider\" data-id=\"09cf216\" data-element_type=\"widget\" data-widget_type=\"divider.default\">\n\t\t\t\t<div class=\"elementor-widget-container\">\n\t\t\t\t\t\t\t<div class=\"elementor-divider\">\n\t\t\t<span class=\"elementor-divider-separator\">\n\t\t\t\t\t\t<\/span>\n\t\t<\/div>\n\t\t\t\t\t\t<\/div>\n\t\t\t\t<\/div>\n\t\t\t\t<div class=\"elementor-element elementor-element-095508f elementor-widget elementor-widget-heading\" data-id=\"095508f\" data-element_type=\"widget\" data-widget_type=\"heading.default\">\n\t\t\t\t<div class=\"elementor-widget-container\">\n\t\t\t\t\t<h1 class=\"elementor-heading-title elementor-size-default\">Degvoice: il tuo partner di fiducia per la realizzazione di siti web e pubblicit\u00e0 su Google<\/h1>\t\t\t\t<\/div>\n\t\t\t\t<\/div>\n\t\t\t\t<div class=\"elementor-element elementor-element-55b24df elementor-widget elementor-widget-text-editor\" data-id=\"55b24df\" data-element_type=\"widget\" data-widget_type=\"text-editor.default\">\n\t\t\t\t<div class=\"elementor-widget-container\">\n\t\t\t\t\t\t\t\t\t<p>Da pi\u00f9 di 10 anni, Degvoice \u00e8 al tuo fianco per garantire una presenza online vincente. Specializzati nella realizzazione di siti web e campagne pubblicitarie su Google, siamo pronti a portare il tuo progetto al successo.<\/p><p>Il nostro team di esperti \u00e8 tra i pi\u00f9 qualificati nel panorama del web marketing. Siamo certificati come<strong><span style=\"color: #d8232a;\">\u00a0<a style=\"color: #d8232a;\" href=\"https:\/\/degvoice.it\/\" target=\"_blank\" rel=\"noopener\">Agenzia Google Partner<\/a>,<\/span><\/strong> il che ci permette di offrire ai nostri clienti servizi all\u2019avanguardia e strumenti per creare campagne di successo e testarne l\u2019efficacia in modo completo.<\/p>\t\t\t\t\t\t\t\t<\/div>\n\t\t\t\t<\/div>\n\t\t\t\t<div class=\"elementor-element elementor-element-ad156d3 elementor-widget elementor-widget-heading\" data-id=\"ad156d3\" data-element_type=\"widget\" data-widget_type=\"heading.default\">\n\t\t\t\t<div class=\"elementor-widget-container\">\n\t\t\t\t\t<h2 class=\"elementor-heading-title elementor-size-default\">Tanti servizi per un progetto di successo online: il tuo!<\/h2>\t\t\t\t<\/div>\n\t\t\t\t<\/div>\n\t\t\t\t<div class=\"elementor-element elementor-element-aae3245 elementor-widget elementor-widget-text-editor\" data-id=\"aae3245\" data-element_type=\"widget\" data-widget_type=\"text-editor.default\">\n\t\t\t\t<div class=\"elementor-widget-container\">\n\t\t\t\t\t\t\t\t\t<h2><strong><span style=\"color: #007bbe; font-family: Montserrat, sans-serif; font-size: 20px; text-align: var(--text-align);\">I nostri servizi coprono una vasta gamma di soluzioni per garantire il successo del tuo progetto:<\/span><\/strong><\/h2><ul><li><span style=\"color: #d8232a;\"><a style=\"color: #d8232a;\" href=\"https:\/\/degvoice.it\/siti-web\/\" target=\"_blank\" rel=\"noopener\">Realizzazione di siti web<\/a>:<\/span> Dalla definizione degli obiettivi alla creazione di landing page, ci occupiamo di realizzare siti web moderni, funzionali e attenti all\u2019esperienza utente.<\/li><li><span style=\"color: #d8232a;\"><a style=\"color: #d8232a;\" href=\"https:\/\/degvoice.it\/protocollo-google\/\" target=\"_blank\" rel=\"noopener\">Pubblicit\u00e0 su Google<\/a>:<\/span> Siamo specializzati nella creazione di campagne pubblicitarie su Google AdWords e Bing Ads, garantendo visibilit\u00e0 e risultati concreti sui principali motori di ricerca.<\/li><li><span style=\"color: #d8232a;\"><a style=\"color: #d8232a;\" href=\"https:\/\/degvoice.it\/protocollo-google\/\" target=\"_blank\" rel=\"noopener\">SEO (Search Engine Optimization)<\/a>:<\/span> Il nostro team si occupa del posizionamento organico sui motori di ricerca, utilizzando strategie e tecniche efficaci per migliorare la visibilit\u00e0 del tuo sito web.<\/li><li>Copywriting persuasivo: Creiamo testi accattivanti e persuasivi per il tuo sito web, che catturano l\u2019attenzione degli utenti e li spingono all\u2019azione.<\/li><li>Promozione sui social media: Gestiamo campagne di promozione mirate su diverse piattaforme social, per raggiungere il tuo target di riferimento e aumentare la visibilit\u00e0 del tuo brand.<\/li><li>Analisi dell\u2019esperienza utente: Attraverso un\u2019analisi approfondita, valutiamo l\u2019esperienza degli utenti sul tuo sito web e suggeriamo miglioramenti per ottimizzare la loro interazione con il tuo marchio.<\/li><li>Digital Strategy: Sviluppiamo strategie personalizzate per il tuo business, aiutandoti a raggiungere gli obiettivi di marketing e a crescere online.<\/li><\/ul><p>\u00a0<\/p><p>Se stai cercando una piattaforma ecommerce, abbiamo collaborato con Retificio Sensole per sviluppare una soluzione ad hoc. La nostra piattaforma di gestione ecommerce, creata con un approccio user-friendly, ti permette di gestire facilmente i dati interni dell\u2019azienda e offrire un\u2019esperienza di acquisto ottimizzata su ogni dispositivo.<\/p><p>\u00a0<\/p><p>Scegli<strong><span style=\"color: #d8232a;\">\u00a0<a style=\"color: #d8232a;\" href=\"https:\/\/degvoice.it\/\" target=\"_blank\" rel=\"noopener\">Degvoice<\/a>\u00a0<\/span><\/strong>come il tuo partner di fiducia per la realizzazione del tuo sito web e la gestione delle tue campagne pubblicitarie su Google. Siamo qui per aiutarti a raggiungere il successo online.<\/p>\t\t\t\t\t\t\t\t<\/div>\n\t\t\t\t<\/div>\n\t\t\t\t\t<\/div>\n\t\t\t\t<\/div>\n\t\t\t\t<\/div>","protected":false},"excerpt":{"rendered":"<p>Credits Degvoice: il tuo partner di fiducia per la realizzazione di siti web e pubblicit\u00e0 su Google Da pi\u00f9 di 10 anni, Degvoice \u00e8 al tuo fianco per garantire una presenza online vincente. Specializzati nella realizzazione di siti web e campagne pubblicitarie su Google, siamo pronti a portare il tuo progetto al successo. Il nostro&hellip; <a class=\"more-link\" href=\"https:\/\/rscamp.it\/en\/credits\/\">Continue reading <span class=\"screen-reader-text\">Credits<\/span><\/a><\/p>","protected":false},"author":1,"featured_media":0,"parent":0,"menu_order":0,"comment_status":"closed","ping_status":"closed","template":"elementor_canvas","meta":{"footnotes":""},"class_list":["post-772","page","type-page","status-publish","hentry","entry"],"_links":{"self":[{"href":"https:\/\/rscamp.it\/en\/wp-json\/wp\/v2\/pages\/772","targetHints":{"allow":["GET"]}}],"collection":[{"href":"https:\/\/rscamp.it\/en\/wp-json\/wp\/v2\/pages"}],"about":[{"href":"https:\/\/rscamp.it\/en\/wp-json\/wp\/v2\/types\/page"}],"author":[{"embeddable":true,"href":"https:\/\/rscamp.it\/en\/wp-json\/wp\/v2\/users\/1"}],"replies":[{"embeddable":true,"href":"https:\/\/rscamp.it\/en\/wp-json\/wp\/v2\/comments?post=772"}],"version-history":[{"count":4,"href":"https:\/\/rscamp.it\/en\/wp-json\/wp\/v2\/pages\/772\/revisions"}],"predecessor-version":[{"id":776,"href":"https:\/\/rscamp.it\/en\/wp-json\/wp\/v2\/pages\/772\/revisions\/776"}],"wp:attachment":[{"href":"https:\/\/rscamp.it\/en\/wp-json\/wp\/v2\/media?parent=772"}],"curies":[{"name":"wp","href":"https:\/\/api.w.org\/{rel}","templated":true}]}}